{"id":34,"date":"2025-06-04T20:06:04","date_gmt":"2025-06-04T20:06:04","guid":{"rendered":"https:\/\/datecaptain.com\/blog\/?page_id=34"},"modified":"2025-07-03T18:24:32","modified_gmt":"2025-07-03T18:24:32","slug":"blog","status":"publish","type":"page","link":"https:\/\/datecaptain.com\/blog\/blog\/","title":{"rendered":"Blog"},"content":{"rendered":"\n<div class=\"wp-block-query is-layout-flow wp-block-query-is-layout-flow\"><ul class=\"columns-3 wp-block-post-template is-layout-grid wp-container-core-post-template-is-layout-6d3fbd8f wp-block-post-template-is-layout-grid\"><li class=\"wp-block-post post-50 post type-post status-publish format-standard hentry category-blog\">\n\n<div class=\"wp-block-group is-layout-flow wp-block-group-is-layout-flow\" style=\"padding-top:30px;padding-right:30px;padding-bottom:30px;padding-left:30px\"><h2 class=\"wp-block-post-title\"><a href=\"https:\/\/datecaptain.com\/blog\/opener-3-endlich-eine-gute-opener-liste\/\" target=\"_self\" >Die 17 besten Opener f\u00fcrs Online Dating im Jahr 2025<\/a><\/h2>\n\n<div class=\"wp-block-post-excerpt\"><p class=\"wp-block-post-excerpt__excerpt\">Egal, ob Tinder, Bumble oder Hinge &#8211; wir liefern dir nun eine Liste, von Openern, die erwie\u00dfenerma\u00dfen im Jahr 2025 [&hellip;] <\/p><\/div>\n\n<div class=\"wp-block-post-date\"><time datetime=\"2025-06-22T18:05:59+00:00\">Juni 22, 2025<\/time><\/div><\/div>\n\n<\/li><li class=\"wp-block-post post-44 post type-post status-publish format-standard hentry category-blog\">\n\n<div class=\"wp-block-group is-layout-flow wp-block-group-is-layout-flow\" style=\"padding-top:30px;padding-right:30px;padding-bottom:30px;padding-left:30px\"><h2 class=\"wp-block-post-title\"><a href=\"https:\/\/datecaptain.com\/blog\/was-macht-einen-guten-opener-aus\/\" target=\"_self\" >Der Gespr\u00e4chseinstieg &#8211; wie du den Opener 2025 im Online Dating meisterst<\/a><\/h2>\n\n<div class=\"wp-block-post-excerpt\"><p class=\"wp-block-post-excerpt__excerpt\">Gespr\u00e4chseinstieg, Gespr\u00e4chsaufh\u00e4nger, Anmachspruch oder wie wir ihn gerne nennen &#8218;Opener&#8216; &#8211; damit ist die erste Nachricht gemeint, die man bei [&hellip;] <\/p><\/div>\n\n<div class=\"wp-block-post-date\"><time datetime=\"2025-06-12T09:03:45+00:00\">Juni 12, 2025<\/time><\/div><\/div>\n\n<\/li><li class=\"wp-block-post post-27 post type-post status-publish format-standard hentry category-blog tag-anschreiben tag-chatten-mit-frauen tag-erste-nachricht-tinder tag-opener tag-tinder-anschreiben\">\n\n<div class=\"wp-block-group is-layout-flow wp-block-group-is-layout-flow\" style=\"padding-top:30px;padding-right:30px;padding-bottom:30px;padding-left:30px\"><h2 class=\"wp-block-post-title\"><a href=\"https:\/\/datecaptain.com\/blog\/die-groessten-fehler-beim-anschreiben\/\" target=\"_self\" >Die 6 gr\u00f6\u00dften Fehler beim Anschreiben von Frauen im Internet<\/a><\/h2>\n\n<div class=\"wp-block-post-excerpt\"><p class=\"wp-block-post-excerpt__excerpt\">Opener im Online-Dating #1 \u2013 Die gr\u00f6\u00dften Fehler Kennst du das? Du hast mal wieder (oder endlich) ein Match mit [&hellip;] <\/p><\/div>\n\n<div class=\"wp-block-post-date\"><time datetime=\"2025-06-04T19:16:48+00:00\">Juni 4, 2025<\/time><\/div><\/div>\n\n<\/li><\/ul><\/div>\n","protected":false},"excerpt":{"rendered":"","protected":false},"author":1,"featured_media":0,"parent":0,"menu_order":0,"comment_status":"closed","ping_status":"closed","template":"","meta":{"_sb_is_suggestion_mode":false,"_sb_show_suggestion_boards":false,"_sb_show_comment_boards":false,"_sb_suggestion_history":"","_sb_update_block_changes":"","site-sidebar-layout":"default","site-content-layout":"","ast-site-content-layout":"default","site-content-style":"default","site-sidebar-style":"default","ast-global-header-display":"","ast-banner-title-visibility":"","ast-main-header-display":"","ast-hfb-above-header-display":"","ast-hfb-below-header-display":"","ast-hfb-mobile-header-display":"","site-post-title":"","ast-breadcrumbs-content":"","ast-featured-img":"","footer-sml-layout":"","theme-transparent-header-meta":"","adv-header-id-meta":"","stick-header-meta":"","header-above-stick-meta":"","header-main-stick-meta":"","header-below-stick-meta":"","astra-migrate-meta-layouts":"default","ast-page-background-enabled":"default","ast-page-background-meta":{"desktop":{"background-color":"var(--ast-global-color-5)","background-image":"","background-repeat":"repeat","background-position":"center center","background-size":"auto","background-attachment":"scroll","background-type":"","background-media":"","overlay-type":"","overlay-color":"","overlay-opacity":"","overlay-gradient":""},"tablet":{"background-color":"","background-image":"","background-repeat":"repeat","background-position":"center center","background-size":"auto","background-attachment":"scroll","background-type":"","background-media":"","overlay-type":"","overlay-color":"","overlay-opacity":"","overlay-gradient":""},"mobile":{"background-color":"","background-image":"","background-repeat":"repeat","background-position":"center center","background-size":"auto","background-attachment":"scroll","background-type":"","background-media":"","overlay-type":"","overlay-color":"","overlay-opacity":"","overlay-gradient":""}},"ast-content-background-meta":{"desktop":{"background-color":"var(--ast-global-color-4)","background-image":"","background-repeat":"repeat","background-position":"center center","background-size":"auto","background-attachment":"scroll","background-type":"","background-media":"","overlay-type":"","overlay-color":"","overlay-opacity":"","overlay-gradient":""},"tablet":{"background-color":"var(--ast-global-color-4)","background-image":"","background-repeat":"repeat","background-position":"center center","background-size":"auto","background-attachment":"scroll","background-type":"","background-media":"","overlay-type":"","overlay-color":"","overlay-opacity":"","overlay-gradient":""},"mobile":{"background-color":"var(--ast-global-color-4)","background-image":"","background-repeat":"repeat","background-position":"center center","background-size":"auto","background-attachment":"scroll","background-type":"","background-media":"","overlay-type":"","overlay-color":"","overlay-opacity":"","overlay-gradient":""}},"footnotes":""},"class_list":["post-34","page","type-page","status-publish","hentry"],"_links":{"self":[{"href":"https:\/\/datecaptain.com\/blog\/wp-json\/wp\/v2\/pages\/34","targetHints":{"allow":["GET"]}}],"collection":[{"href":"https:\/\/datecaptain.com\/blog\/wp-json\/wp\/v2\/pages"}],"about":[{"href":"https:\/\/datecaptain.com\/blog\/wp-json\/wp\/v2\/types\/page"}],"author":[{"embeddable":true,"href":"https:\/\/datecaptain.com\/blog\/wp-json\/wp\/v2\/users\/1"}],"replies":[{"embeddable":true,"href":"https:\/\/datecaptain.com\/blog\/wp-json\/wp\/v2\/comments?post=34"}],"version-history":[{"count":2,"href":"https:\/\/datecaptain.com\/blog\/wp-json\/wp\/v2\/pages\/34\/revisions"}],"predecessor-version":[{"id":87,"href":"https:\/\/datecaptain.com\/blog\/wp-json\/wp\/v2\/pages\/34\/revisions\/87"}],"wp:attachment":[{"href":"https:\/\/datecaptain.com\/blog\/wp-json\/wp\/v2\/media?parent=34"}],"curies":[{"name":"wp","href":"https:\/\/api.w.org\/{rel}","templated":true}]}}